{"id":78,"date":"2018-01-16T21:26:43","date_gmt":"2018-01-16T21:26:43","guid":{"rendered":"http:\/\/clairon.ch\/?page_id=78"},"modified":"2018-01-16T21:26:43","modified_gmt":"2018-01-16T21:26:43","slug":"chlaushoeck-2012","status":"publish","type":"page","link":"http:\/\/clairon.ch\/?page_id=78","title":{"rendered":"Chlaush\u00f6ck 2012"},"content":{"rendered":"<p>Seit unser Verein einen Bestand von gegen die 30 Personen erreicht hat, gen\u00fcgt die frohsinnliche Kegelbahn platzm\u00e4ssig nicht mehr, um die j\u00e4hrliche GV darin zu verrichten. Deshalb wurde nun seit dem 2ten mal ein Klauskegeln an diesem ehrenw\u00fcrdigen Platz durchgef\u00fchrt. Dass diese Bahn mit diesem speziellen Ambiente mit vielen emotionalen Erinnerungen verbunden ist, wurde bereits im Voraus via Mail erregt mitgeteilt. So hat HP der Bergmattige zur Zur\u00fcckhaltung und Anstand appelliert.<\/p>\n<p>Wie jedes Jahr, wurde der Abend mit dem Bestellen einer Runde \u00abFlasche Bier, aber Galanda\u00bb gestartet. Nur einer hatte da einen Einwand und wollte lieber ein Hochdorfer Bureh\u00f6fler!!! Dazu gab es die 7 bis 8 Poulefl\u00fcgeli. Welche von Stierli und Noldis wiedermal in top Zeiten verschlungen wurden.<\/p>\n<p>Das Kegeln war spannend bis zur letzten Minute, und der Gewinner war wie letztes Jahr wieder unser kleinster, der Muni. Er gewann eine Flasche von dem grossen Schnaps mit den 42 (ehemals 43) Kr\u00e4utern und Teilte das muntere Getr\u00e4nk umgehend mit der ganzen Mannschaft.<\/p>\n<p>Obwohl bei vielen Kugeln die \u00fcber die Bahn polterten, der Name Hampiiii gerufen wurde, und dies bis tief in die Nacht, bekam dieser am n\u00e4chsten Tag als Dank, f\u00fcr das anst\u00e4ndige Benehmen der ganzen Gruppe, zwei Kaffees geschenkt vom Frohsinn`s Chef.<\/p>\n<p>Also somit ende ich mit BITTE Hampi.<\/p>\n","protected":false},"excerpt":{"rendered":"<p>Seit unser Verein einen Bestand von gegen die 30 Personen erreicht hat, gen\u00fcgt die frohsinnliche Kegelbahn platzm\u00e4ssig nicht mehr, um die j\u00e4hrliche GV darin zu verrichten. Deshalb wurde nun seit dem 2ten mal ein Klauskegeln an diesem ehrenw\u00fcrdigen Platz durchgef\u00fchrt. Dass diese Bahn mit diesem speziellen Ambiente mit vielen emotionalen Erinnerungen verbunden ist, wurde bereits [&hellip;]<\/p>\n","protected":false},"author":1,"featured_media":0,"parent":17,"menu_order":0,"comment_status":"closed","ping_status":"closed","template":"","meta":[],"_links":{"self":[{"href":"http:\/\/clairon.ch\/index.php?rest_route=\/wp\/v2\/pages\/78"}],"collection":[{"href":"http:\/\/clairon.ch\/index.php?rest_route=\/wp\/v2\/pages"}],"about":[{"href":"http:\/\/clairon.ch\/index.php?rest_route=\/wp\/v2\/types\/page"}],"author":[{"embeddable":true,"href":"http:\/\/clairon.ch\/index.php?rest_route=\/wp\/v2\/users\/1"}],"replies":[{"embeddable":true,"href":"http:\/\/clairon.ch\/index.php?rest_route=%2Fwp%2Fv2%2Fcomments&post=78"}],"version-history":[{"count":2,"href":"http:\/\/clairon.ch\/index.php?rest_route=\/wp\/v2\/pages\/78\/revisions"}],"predecessor-version":[{"id":119,"href":"http:\/\/clairon.ch\/index.php?rest_route=\/wp\/v2\/pages\/78\/revisions\/119"}],"up":[{"embeddable":true,"href":"http:\/\/clairon.ch\/index.php?rest_route=\/wp\/v2\/pages\/17"}],"wp:attachment":[{"href":"http:\/\/clairon.ch\/index.php?rest_route=%2Fwp%2Fv2%2Fmedia&parent=78"}],"curies":[{"name":"wp","href":"https:\/\/api.w.org\/{rel}","templated":true}]}}