{"id":62,"date":"2017-06-25T17:05:18","date_gmt":"2017-06-25T17:05:18","guid":{"rendered":"http:\/\/clairon.ch\/?page_id=62"},"modified":"2017-06-25T17:14:42","modified_gmt":"2017-06-25T17:14:42","slug":"clairongarden-in-der-schweiz","status":"publish","type":"page","link":"http:\/\/clairon.ch\/?page_id=62","title":{"rendered":"Clairongarden in der Schweiz"},"content":{"rendered":"<div class=\"col-xs-12 col-sm-6\">\n<div id=\"c2608\">\n<div class=\"ce-textpic ce-right ce-intext\">\n<div class=\"ce-bodytext\">\n<p>Musikalisch interessierte Jungwachtleiter gr\u00fcndeten die erste Clairongarde der Schweiz, nachdem das Naturtoninstrument anl\u00e4sslich eines nationalen Turnfestes 1947 in die Schweiz gelang. Das Claironspiel wurde von Anfang an, nebst dem Einsatz als Signalinstrument im Schar- und Lagerbetrieb, vor allem als musikalische Werbung mit Konzerten usw. eingesetzt. Das erste Schweizerische Bundestreffen der Jungwacht fand im Jahre 1952 statt, wo auch zum ersten Mal ca. 100\u00a0Claironspieler aus der ganzen Schweiz zusammen unter der Leitung von Ernst D\u00f6rr (Basel)\u00a0auftraten. Weitere St\u00fccke wurden von Werner D\u00fcrr (Z\u00fcrich)\u00a0geschrieben. Auch jetzt noch gibt es in vielen Kantonen Clairongarden, welche in engem Zusammenhang mit der Jubla stehen. Nationale Clairongardentreffen werden j\u00e4hrlich durchgef\u00fchrt. Werner D\u00fcrr \u00fcberarbeitete alle vorhandenen Noten. Die neuen Noten sind nun unter <a href=\"http:\/\/www.claironnoten.ch.vu\/\" target=\"_blank\" rel=\"noopener\">claironnoten.ch.vu<\/a>\u00a0zu finden. Das Lern-, Schulungs- und Informationsheft f\u00fcr die Claironbl\u00e4ser von Jungwacht Blauring sowie die Notenkunde f\u00fcr das Claironspiel sind unter <a href=\"http:\/\/www.clairongarde-zofingen.ch\/\" target=\"_blank\" rel=\"noopener\">clairongarde-zofingen.ch<\/a>\u00a0zu finden.<\/p>\n<p>&nbsp;<\/p>\n<p>&nbsp;<\/p>\n<p>&nbsp;<\/p>\n<p>Quelle:\u00a0<a href=\"https:\/\/www.jubla.ch\/mitglieder\/themen\/clairongarden\/\" target=\"_blank\" rel=\"noopener\">https:\/\/www.jubla.ch\/mitglieder\/themen\/clairongarden\/<\/a><\/p>\n<\/div>\n<\/div>\n<\/div>\n<\/div>\n","protected":false},"excerpt":{"rendered":"<p>Musikalisch interessierte Jungwachtleiter gr\u00fcndeten die erste Clairongarde der Schweiz, nachdem das Naturtoninstrument anl\u00e4sslich eines nationalen Turnfestes 1947 in die Schweiz gelang. Das Claironspiel wurde von Anfang an, nebst dem Einsatz als Signalinstrument im Schar- und Lagerbetrieb, vor allem als musikalische Werbung mit Konzerten usw. eingesetzt. Das erste Schweizerische Bundestreffen der Jungwacht fand im Jahre 1952 [&hellip;]<\/p>\n","protected":false},"author":1,"featured_media":0,"parent":23,"menu_order":2,"comment_status":"closed","ping_status":"closed","template":"","meta":[],"_links":{"self":[{"href":"http:\/\/clairon.ch\/index.php?rest_route=\/wp\/v2\/pages\/62"}],"collection":[{"href":"http:\/\/clairon.ch\/index.php?rest_route=\/wp\/v2\/pages"}],"about":[{"href":"http:\/\/clairon.ch\/index.php?rest_route=\/wp\/v2\/types\/page"}],"author":[{"embeddable":true,"href":"http:\/\/clairon.ch\/index.php?rest_route=\/wp\/v2\/users\/1"}],"replies":[{"embeddable":true,"href":"http:\/\/clairon.ch\/index.php?rest_route=%2Fwp%2Fv2%2Fcomments&post=62"}],"version-history":[{"count":2,"href":"http:\/\/clairon.ch\/index.php?rest_route=\/wp\/v2\/pages\/62\/revisions"}],"predecessor-version":[{"id":64,"href":"http:\/\/clairon.ch\/index.php?rest_route=\/wp\/v2\/pages\/62\/revisions\/64"}],"up":[{"embeddable":true,"href":"http:\/\/clairon.ch\/index.php?rest_route=\/wp\/v2\/pages\/23"}],"wp:attachment":[{"href":"http:\/\/clairon.ch\/index.php?rest_route=%2Fwp%2Fv2%2Fmedia&parent=62"}],"curies":[{"name":"wp","href":"https:\/\/api.w.org\/{rel}","templated":true}]}}