{"id":6,"date":"2017-06-22T19:48:15","date_gmt":"2017-06-22T19:48:15","guid":{"rendered":"http:\/\/clairon.ch\/?page_id=6"},"modified":"2019-11-22T22:58:13","modified_gmt":"2019-11-22T22:58:13","slug":"nationales-clairongardetreffen-2018","status":"publish","type":"page","link":"http:\/\/clairon.ch\/?page_id=6","title":{"rendered":"NCGT 2018 in Muri"},"content":{"rendered":"\n<p>Es hat uns ausserordentlich gefreut nach genau zehn Jahren wieder das Schweizerische Clairontreffen in Muri durchzuf\u00fchren. Das Treffen fand am Wochenende vom <strong>31. August bis 2. September 2018<\/strong> statt. Das Programm war wie folgt:<\/p>\n\n\n\n<div class=\"wp-block-image\"><figure class=\"aligncenter\"><a href=\"http:\/\/clairon.ch\/wp-content\/uploads\/2018\/07\/Programm-NCGT-2018.jpg\" target=\"_blank\" rel=\"noopener noreferrer\"><img loading=\"lazy\" width=\"212\" height=\"300\" src=\"http:\/\/clairon.ch\/wp-content\/uploads\/2018\/07\/Programm-NCGT-2018-212x300.jpg\" alt=\"\" class=\"wp-image-575\" srcset=\"http:\/\/clairon.ch\/wp-content\/uploads\/2018\/07\/Programm-NCGT-2018-212x300.jpg 212w, http:\/\/clairon.ch\/wp-content\/uploads\/2018\/07\/Programm-NCGT-2018-768x1087.jpg 768w, http:\/\/clairon.ch\/wp-content\/uploads\/2018\/07\/Programm-NCGT-2018-724x1024.jpg 724w, http:\/\/clairon.ch\/wp-content\/uploads\/2018\/07\/Programm-NCGT-2018.jpg 826w\" sizes=\"(max-width: 212px) 100vw, 212px\" \/><\/a><\/figure><\/div>\n\n\n\n<p>In diesem Jahr boten wir den Garden an, bereits am Freitag, 31. August 2018 nach Muri anzureisen. F\u00fcr die \u00dcbernachtungen von Freitag auf Samstag und von Samstag auf Sonntag war gesorgt. Im Gegenzug verzichten wir am Sonntag auf weitere offizielle\u00a0 Anl\u00e4sse. Ein gem\u00fctliches Zusammensein war aber nat\u00fcrlich m\u00f6glich! Am Samstag, 1. September 2018 starteten wir wie gewohnt mit einer Gesamtprobe. Zu diesem Zweck fanden wir uns im Areal des ehemaligen Benediktinerklosters in Muri ein. Anschliessend konnten die Garden individuell in ganz Muri Einzelkonzerte darbieten.<\/p>\n\n\n\n<p>Das <strong>Gesamtkonzert<\/strong> fand am fr\u00fchen Abend auf dem Festgel\u00e4nde des \u201eD\u00f6rfler F\u00e4scht\u201c statt.<\/p>\n\n\n\n<p>Das musikalische Programm war wie folgt:<\/p>\n\n\n\n<p>1. <strong>Basler Pfeiffertagwache<\/strong><br>2. <em>Einzelauftritt Clairongarde &#8230;<\/em><br>3. <strong>Gardistenparade<\/strong><br>4. <em>Einzelauftritt Clairongarde \u2026<\/em><br>5. <strong>Clairon-Dixie<\/strong><br>6. <em>Einzelauftritt Clairongarde \u2026<\/em><br>7. <strong>Don Bosco<\/strong><br>8. <em>Einzelauftritt Clairongarde Muri &#8211; Exsulta Basilea<\/em><br>9. <strong>Let Kiss<\/strong><\/p>\n\n\n\n<p>Im Anschluss ging die Party im Festzelt bis in die fr\u00fchen Morgenstunden. Und am n\u00e4chsten Tag fanden alle Garden den weg wieder nach Hause.<\/p>\n","protected":false},"excerpt":{"rendered":"<p>Es hat uns ausserordentlich gefreut nach genau zehn Jahren wieder das Schweizerische Clairontreffen in Muri durchzuf\u00fchren. Das Treffen fand am Wochenende vom 31. August bis 2. September 2018 statt. Das Programm war wie folgt: In diesem Jahr boten wir den Garden an, bereits am Freitag, 31. August 2018 nach Muri anzureisen. F\u00fcr die \u00dcbernachtungen von [&hellip;]<\/p>\n","protected":false},"author":1,"featured_media":0,"parent":17,"menu_order":0,"comment_status":"closed","ping_status":"closed","template":"","meta":[],"_links":{"self":[{"href":"http:\/\/clairon.ch\/index.php?rest_route=\/wp\/v2\/pages\/6"}],"collection":[{"href":"http:\/\/clairon.ch\/index.php?rest_route=\/wp\/v2\/pages"}],"about":[{"href":"http:\/\/clairon.ch\/index.php?rest_route=\/wp\/v2\/types\/page"}],"author":[{"embeddable":true,"href":"http:\/\/clairon.ch\/index.php?rest_route=\/wp\/v2\/users\/1"}],"replies":[{"embeddable":true,"href":"http:\/\/clairon.ch\/index.php?rest_route=%2Fwp%2Fv2%2Fcomments&post=6"}],"version-history":[{"count":7,"href":"http:\/\/clairon.ch\/index.php?rest_route=\/wp\/v2\/pages\/6\/revisions"}],"predecessor-version":[{"id":636,"href":"http:\/\/clairon.ch\/index.php?rest_route=\/wp\/v2\/pages\/6\/revisions\/636"}],"up":[{"embeddable":true,"href":"http:\/\/clairon.ch\/index.php?rest_route=\/wp\/v2\/pages\/17"}],"wp:attachment":[{"href":"http:\/\/clairon.ch\/index.php?rest_route=%2Fwp%2Fv2%2Fmedia&parent=6"}],"curies":[{"name":"wp","href":"https:\/\/api.w.org\/{rel}","templated":true}]}}