{"id":120,"date":"2018-01-16T21:26:07","date_gmt":"2018-01-16T21:26:07","guid":{"rendered":"http:\/\/clairon.ch\/?page_id=120"},"modified":"2018-01-16T21:27:46","modified_gmt":"2018-01-16T21:27:46","slug":"auftritt-der-aargauischen-kantonsgarde-am-rueedu-faescht-2012","status":"publish","type":"page","link":"http:\/\/clairon.ch\/?page_id=120","title":{"rendered":"Auftritt am R\u00fcedu-F\u00e4scht 2012"},"content":{"rendered":"<p>Die Clairongarde Muri ist traditioneller Verein, bei welchem neue Ideen erst etwas Zeit brauchen. Und genau eine solche hatte unser ehemaliger Pr\u00e4sident am Anfang des Jahres. Er wollte, wie in vergangenen Zeiten, wieder eine Kantonsgarde ins Leben rufen, welche am R\u00fcedu-F\u00e4scht in Muri einen Auftritt zum Ziel haben soll.<\/p>\n<p>Und so widmete sich Christian im ersten Halbjahr der Planung seiner Idee. Zuerst musste er den Vorstand und das OK des R\u00fcedu-F\u00e4scht \u00fcberzeugen. Dann einige Telefonate mit verschiedenen Gardenleiter t\u00e4tigen und schon konnte mit den Clairongarden Ehrendingen und Zofingen das gemeinsame Projekt gestartet werden.<\/p>\n<p>Zuerst hiess es: zusammen \u00fcben. Obwohl alle Garden in etwa die gleichen St\u00fccke spielen, mussten sich alle Akteure zuerst aneinander gew\u00f6hnen. Denn jede Clairongarde hat ihre musikalischen Vorlieben, wie St\u00fccke zu spielen sind. Diese feinen Unterschiede konnten an insgesamt drei Proben in Ehrendingen, Strengelbach und Muri unter der Leitung von Marcel D\u00fcrr und Martin Burkart ausgemerzt werden. Nat\u00fcrlich kam die Geselligkeit dabei nicht zu kurz, und das eine oder andere Bier konnte genossen werden.<\/p>\n<p>Am 29. September um 18 Uhr war es soweit und die ersten Naturt\u00f6ne des Clairons halten \u00fcbers R\u00fcedu-F\u00e4scht. Unter tobendem Applaus \u2013 leider waren aufgrund des verregneten Samstagabends nicht viele Zuschauer anwesend \u2013 wurde dem Publikum bestes Claironspiel vorgetragen. Die \u00fcber 30 Gardisten der Aargauischen Kantonsgarde gaben ihr bestes, und so wurden die St\u00fccke \u201eGardistenparade\u201c, \u201eRocky\u201c, \u201eDolly\u201c und \u201eClairondixie\u201c mit Bravur gespielt. Und weil nach vier St\u00fccken noch niemand genug hatte konnten alle zum Abschluss den \u201eLetkiss\u201c geniessen.<\/p>\n<p>Es war ein richtig gelungenes Konzert. Leider war es viel zu schnell vor\u00fcber. Dennoch genoss der Eine oder Andere danach noch das Fest. Und wer weiss, dank dem positiven Feedback kann es durchaus sein, dass auch in n\u00e4herer Zukunft weitere gemeinsame Auftritte m\u00f6glich sein k\u00f6nnten. Sch\u00f6n w\u00e4re es. In diesem Sinne auch vielen Dank an Christian f\u00fcr seinen Einsatz!<\/p>\n","protected":false},"excerpt":{"rendered":"<p>Die Clairongarde Muri ist traditioneller Verein, bei welchem neue Ideen erst etwas Zeit brauchen. Und genau eine solche hatte unser ehemaliger Pr\u00e4sident am Anfang des Jahres. Er wollte, wie in vergangenen Zeiten, wieder eine Kantonsgarde ins Leben rufen, welche am R\u00fcedu-F\u00e4scht in Muri einen Auftritt zum Ziel haben soll. Und so widmete sich Christian im [&hellip;]<\/p>\n","protected":false},"author":1,"featured_media":0,"parent":17,"menu_order":0,"comment_status":"closed","ping_status":"closed","template":"","meta":[],"_links":{"self":[{"href":"http:\/\/clairon.ch\/index.php?rest_route=\/wp\/v2\/pages\/120"}],"collection":[{"href":"http:\/\/clairon.ch\/index.php?rest_route=\/wp\/v2\/pages"}],"about":[{"href":"http:\/\/clairon.ch\/index.php?rest_route=\/wp\/v2\/types\/page"}],"author":[{"embeddable":true,"href":"http:\/\/clairon.ch\/index.php?rest_route=\/wp\/v2\/users\/1"}],"replies":[{"embeddable":true,"href":"http:\/\/clairon.ch\/index.php?rest_route=%2Fwp%2Fv2%2Fcomments&post=120"}],"version-history":[{"count":4,"href":"http:\/\/clairon.ch\/index.php?rest_route=\/wp\/v2\/pages\/120\/revisions"}],"predecessor-version":[{"id":641,"href":"http:\/\/clairon.ch\/index.php?rest_route=\/wp\/v2\/pages\/120\/revisions\/641"}],"up":[{"embeddable":true,"href":"http:\/\/clairon.ch\/index.php?rest_route=\/wp\/v2\/pages\/17"}],"wp:attachment":[{"href":"http:\/\/clairon.ch\/index.php?rest_route=%2Fwp%2Fv2%2Fmedia&parent=120"}],"curies":[{"name":"wp","href":"https:\/\/api.w.org\/{rel}","templated":true}]}}